{"id":311,"date":"2025-01-14T21:45:59","date_gmt":"2025-01-15T00:45:59","guid":{"rendered":"https:\/\/w3d.app.br\/camlagoadoouro\/?page_id=311"},"modified":"2025-01-14T22:23:44","modified_gmt":"2025-01-15T01:23:44","slug":"o-portal","status":"publish","type":"page","link":"https:\/\/w3d.app.br\/camlagoadoouro\/o-portal\/","title":{"rendered":"O Portal"},"content":{"rendered":"<p>O Portal da Transpar\u00eancia da C\u00c2MARA MUNICIPAL DE VEREADORES DE LAGOA DO OURO - PE \u00e9 uma plataforma digital destinada a garantir a transpar\u00eancia na gest\u00e3o p\u00fablica, conforme estabelecido pela <a href=\"https:\/\/www.planalto.gov.br\/ccivil_03\/leis\/lcp\/lcp131.htm\" target=\"_blank\" rel=\"noopener\">Lei Complementar n\u00ba 131\/2009<\/a> (Lei da Transpar\u00eancia P\u00fablica) e em conformidade com a Lei\u00a0 Geral de Prote\u00e7\u00e3o de Dados Pessoais (LGPD), <a href=\"https:\/\/www.planalto.gov.br\/ccivil_03\/_ato2015-2018\/2018\/lei\/L13709.htm\" target=\"_blank\" rel=\"noopener\">Lei n\u00ba 13.709\/2018<\/a>.<\/p>\n<p>Atrav\u00e9s deste portal, a administra\u00e7\u00e3o p\u00fablica disponibiliza, de forma clara e acess\u00edvel, informa\u00e7\u00f5es sobre receitas, despesas, contratos, licita\u00e7\u00f5es, conv\u00eanios, servidores e remunera\u00e7\u00f5es, entre outros dados essenciais para o acompanhamento da gest\u00e3o financeira e administrativa do munic\u00edpio. O objetivo \u00e9 assegurar que a popula\u00e7\u00e3o tenha pleno acesso \u00e0s informa\u00e7\u00f5es p\u00fablicas, promovendo a fiscaliza\u00e7\u00e3o, o controle social e o uso respons\u00e1vel dos recursos p\u00fablicos.<\/p>\n<p>Al\u00e9m disso, o portal respeita a privacidade dos cidad\u00e3os, atendendo rigorosamente aos princ\u00edpios da LGPD. Informa\u00e7\u00f5es pessoais s\u00e3o protegidas e utilizadas exclusivamente para os fins autorizados por lei, garantindo a seguran\u00e7a dos dados e a transpar\u00eancia sem comprometer a privacidade individual.<\/p>\n<p>O Portal da Transpar\u00eancia \u00e9 uma ferramenta fundamental para fortalecer a rela\u00e7\u00e3o de confian\u00e7a entre a administra\u00e7\u00e3o municipal e a popula\u00e7\u00e3o, assegurando que todos os atos e processos da gest\u00e3o p\u00fablica sejam realizados com \u00e9tica, responsabilidade e respeito \u00e0 lei.<\/p>\n","protected":false},"excerpt":{"rendered":"<p>O Portal da Transpar\u00eancia da \u00e9 uma plataforma digital destinada a garantir a transpar\u00eancia na gest\u00e3o p\u00fablica, conforme estabelecido pela Lei Complementar n\u00ba 131\/2009 (Lei <a class=\"leiamais\" href=\"https:\/\/w3d.app.br\/camlagoadoouro\/o-portal\/\"><i class=\"fa fa-angle-double-right\" aria-hidden=\"true\"><\/i><br \/>\n<\/a><\/p>\n","protected":false},"author":1,"featured_media":0,"parent":0,"menu_order":0,"comment_status":"closed","ping_status":"closed","template":"","meta":{"_acf_changed":false,"footnotes":""},"class_list":["post-311","page","type-page","status-publish","hentry"],"acf":[],"_links":{"self":[{"href":"https:\/\/w3d.app.br\/camlagoadoouro\/wp-json\/wp\/v2\/pages\/311","targetHints":{"allow":["GET"]}}],"collection":[{"href":"https:\/\/w3d.app.br\/camlagoadoouro\/wp-json\/wp\/v2\/pages"}],"about":[{"href":"https:\/\/w3d.app.br\/camlagoadoouro\/wp-json\/wp\/v2\/types\/page"}],"author":[{"embeddable":true,"href":"https:\/\/w3d.app.br\/camlagoadoouro\/wp-json\/wp\/v2\/users\/1"}],"replies":[{"embeddable":true,"href":"https:\/\/w3d.app.br\/camlagoadoouro\/wp-json\/wp\/v2\/comments?post=311"}],"version-history":[{"count":0,"href":"https:\/\/w3d.app.br\/camlagoadoouro\/wp-json\/wp\/v2\/pages\/311\/revisions"}],"wp:attachment":[{"href":"https:\/\/w3d.app.br\/camlagoadoouro\/wp-json\/wp\/v2\/media?parent=311"}],"curies":[{"name":"wp","href":"https:\/\/api.w.org\/{rel}","templated":true}]}}