{"id":531,"date":"2025-05-28T16:25:15","date_gmt":"2025-05-28T19:25:15","guid":{"rendered":"https:\/\/w3d.app.br\/camlagoadoouro\/?page_id=531"},"modified":"2025-05-28T16:29:10","modified_gmt":"2025-05-28T19:29:10","slug":"concursos-e-selecoes-publicas","status":"publish","type":"page","link":"https:\/\/w3d.app.br\/camlagoadoouro\/recursos-humanos\/concursos-e-selecoes-publicas\/","title":{"rendered":"CONCURSOS E SELE\u00c7\u00d5ES P\u00daBLICAS"},"content":{"rendered":"","protected":false},"excerpt":{"rendered":"","protected":false},"author":2,"featured_media":0,"parent":132,"menu_order":0,"comment_status":"closed","ping_status":"closed","template":"transparencia_incorporada.php","meta":{"_acf_changed":false,"footnotes":""},"class_list":["post-531","page","type-page","status-publish","hentry"],"acf":[],"_links":{"self":[{"href":"https:\/\/w3d.app.br\/camlagoadoouro\/wp-json\/wp\/v2\/pages\/531","targetHints":{"allow":["GET"]}}],"collection":[{"href":"https:\/\/w3d.app.br\/camlagoadoouro\/wp-json\/wp\/v2\/pages"}],"about":[{"href":"https:\/\/w3d.app.br\/camlagoadoouro\/wp-json\/wp\/v2\/types\/page"}],"author":[{"embeddable":true,"href":"https:\/\/w3d.app.br\/camlagoadoouro\/wp-json\/wp\/v2\/users\/2"}],"replies":[{"embeddable":true,"href":"https:\/\/w3d.app.br\/camlagoadoouro\/wp-json\/wp\/v2\/comments?post=531"}],"version-history":[{"count":2,"href":"https:\/\/w3d.app.br\/camlagoadoouro\/wp-json\/wp\/v2\/pages\/531\/revisions"}],"predecessor-version":[{"id":534,"href":"https:\/\/w3d.app.br\/camlagoadoouro\/wp-json\/wp\/v2\/pages\/531\/revisions\/534"}],"up":[{"embeddable":true,"href":"https:\/\/w3d.app.br\/camlagoadoouro\/wp-json\/wp\/v2\/pages\/132"}],"wp:attachment":[{"href":"https:\/\/w3d.app.br\/camlagoadoouro\/wp-json\/wp\/v2\/media?parent=531"}],"curies":[{"name":"wp","href":"https:\/\/api.w.org\/{rel}","templated":true}]}}