{"id":540,"date":"2025-05-29T22:53:19","date_gmt":"2025-05-30T01:53:19","guid":{"rendered":"https:\/\/w3d.app.br\/camlagoadoouro\/?page_id=540"},"modified":"2025-05-29T22:53:19","modified_gmt":"2025-05-30T01:53:19","slug":"obras-publicas","status":"publish","type":"page","link":"https:\/\/w3d.app.br\/camlagoadoouro\/despesas\/obras-publicas\/","title":{"rendered":"OBRAS P\u00daBLICAS"},"content":{"rendered":"<p>A C\u00e2mara Municipal de Lagoa do Ouro declara, para os devidos fins, que <strong>n\u00e3o realizou obras<\/strong> no per\u00edodo de 2021, 2022, 2023, 2024 e 2025 at\u00e9 a data atual.<\/p>\n","protected":false},"excerpt":{"rendered":"<p>A C\u00e2mara Municipal de Lagoa do Ouro declara, para os devidos fins, que n\u00e3o realizou obras no per\u00edodo de 2021, 2022, 2023, 2024 e 2025 <a class=\"leiamais\" href=\"https:\/\/w3d.app.br\/camlagoadoouro\/despesas\/obras-publicas\/\"><i class=\"fa fa-angle-double-right\" aria-hidden=\"true\"><\/i><br \/>\n<\/a><\/p>\n","protected":false},"author":2,"featured_media":0,"parent":97,"menu_order":0,"comment_status":"closed","ping_status":"closed","template":"","meta":{"_acf_changed":false,"footnotes":""},"class_list":["post-540","page","type-page","status-publish","hentry"],"acf":[],"_links":{"self":[{"href":"https:\/\/w3d.app.br\/camlagoadoouro\/wp-json\/wp\/v2\/pages\/540","targetHints":{"allow":["GET"]}}],"collection":[{"href":"https:\/\/w3d.app.br\/camlagoadoouro\/wp-json\/wp\/v2\/pages"}],"about":[{"href":"https:\/\/w3d.app.br\/camlagoadoouro\/wp-json\/wp\/v2\/types\/page"}],"author":[{"embeddable":true,"href":"https:\/\/w3d.app.br\/camlagoadoouro\/wp-json\/wp\/v2\/users\/2"}],"replies":[{"embeddable":true,"href":"https:\/\/w3d.app.br\/camlagoadoouro\/wp-json\/wp\/v2\/comments?post=540"}],"version-history":[{"count":1,"href":"https:\/\/w3d.app.br\/camlagoadoouro\/wp-json\/wp\/v2\/pages\/540\/revisions"}],"predecessor-version":[{"id":541,"href":"https:\/\/w3d.app.br\/camlagoadoouro\/wp-json\/wp\/v2\/pages\/540\/revisions\/541"}],"up":[{"embeddable":true,"href":"https:\/\/w3d.app.br\/camlagoadoouro\/wp-json\/wp\/v2\/pages\/97"}],"wp:attachment":[{"href":"https:\/\/w3d.app.br\/camlagoadoouro\/wp-json\/wp\/v2\/media?parent=540"}],"curies":[{"name":"wp","href":"https:\/\/api.w.org\/{rel}","templated":true}]}}