{"id":234,"date":"2025-01-10T12:06:35","date_gmt":"2025-01-10T15:06:35","guid":{"rendered":"https:\/\/w3d.app.br\/manari\/?page_id=234"},"modified":"2025-01-13T09:59:37","modified_gmt":"2025-01-13T12:59:37","slug":"relatorio-de-gestao-anual-de-saude","status":"publish","type":"page","link":"https:\/\/w3d.app.br\/manari\/saude\/relatorio-de-gestao-anual-de-saude\/","title":{"rendered":"RELAT\u00d3RIO DE GEST\u00c3O ANUAL DE SA\u00daDE"},"content":{"rendered":"","protected":false},"excerpt":{"rendered":"","protected":false},"author":1,"featured_media":0,"parent":232,"menu_order":0,"comment_status":"closed","ping_status":"closed","template":"transparencia_incorporada.php","meta":{"_acf_changed":false,"footnotes":""},"class_list":["post-234","page","type-page","status-publish","hentry"],"acf":[],"_links":{"self":[{"href":"https:\/\/w3d.app.br\/manari\/wp-json\/wp\/v2\/pages\/234","targetHints":{"allow":["GET"]}}],"collection":[{"href":"https:\/\/w3d.app.br\/manari\/wp-json\/wp\/v2\/pages"}],"about":[{"href":"https:\/\/w3d.app.br\/manari\/wp-json\/wp\/v2\/types\/page"}],"author":[{"embeddable":true,"href":"https:\/\/w3d.app.br\/manari\/wp-json\/wp\/v2\/users\/1"}],"replies":[{"embeddable":true,"href":"https:\/\/w3d.app.br\/manari\/wp-json\/wp\/v2\/comments?post=234"}],"version-history":[{"count":0,"href":"https:\/\/w3d.app.br\/manari\/wp-json\/wp\/v2\/pages\/234\/revisions"}],"up":[{"embeddable":true,"href":"https:\/\/w3d.app.br\/manari\/wp-json\/wp\/v2\/pages\/232"}],"wp:attachment":[{"href":"https:\/\/w3d.app.br\/manari\/wp-json\/wp\/v2\/media?parent=234"}],"curies":[{"name":"wp","href":"https:\/\/api.w.org\/{rel}","templated":true}]}}