{"id":256,"date":"2025-01-10T12:18:05","date_gmt":"2025-01-10T15:18:05","guid":{"rendered":"https:\/\/w3d.app.br\/manari\/?page_id=256"},"modified":"2025-01-10T12:18:05","modified_gmt":"2025-01-10T15:18:05","slug":"recomendacoes-do-ministerio-publico","status":"publish","type":"page","link":"https:\/\/w3d.app.br\/manari\/institucional\/atos-oficiais\/recomendacoes-do-ministerio-publico\/","title":{"rendered":"RECOMENDA\u00c7\u00d5ES DO MINIST\u00c9RIO P\u00daBLICO"},"content":{"rendered":"","protected":false},"excerpt":{"rendered":"","protected":false},"author":1,"featured_media":0,"parent":242,"menu_order":0,"comment_status":"closed","ping_status":"closed","template":"transparencia_incorporada.php","meta":{"_acf_changed":false,"footnotes":""},"class_list":["post-256","page","type-page","status-publish","hentry"],"acf":[],"_links":{"self":[{"href":"https:\/\/w3d.app.br\/manari\/wp-json\/wp\/v2\/pages\/256","targetHints":{"allow":["GET"]}}],"collection":[{"href":"https:\/\/w3d.app.br\/manari\/wp-json\/wp\/v2\/pages"}],"about":[{"href":"https:\/\/w3d.app.br\/manari\/wp-json\/wp\/v2\/types\/page"}],"author":[{"embeddable":true,"href":"https:\/\/w3d.app.br\/manari\/wp-json\/wp\/v2\/users\/1"}],"replies":[{"embeddable":true,"href":"https:\/\/w3d.app.br\/manari\/wp-json\/wp\/v2\/comments?post=256"}],"version-history":[{"count":0,"href":"https:\/\/w3d.app.br\/manari\/wp-json\/wp\/v2\/pages\/256\/revisions"}],"up":[{"embeddable":true,"href":"https:\/\/w3d.app.br\/manari\/wp-json\/wp\/v2\/pages\/242"}],"wp:attachment":[{"href":"https:\/\/w3d.app.br\/manari\/wp-json\/wp\/v2\/media?parent=256"}],"curies":[{"name":"wp","href":"https:\/\/api.w.org\/{rel}","templated":true}]}}