{"id":501,"date":"2025-05-09T09:01:20","date_gmt":"2025-05-09T12:01:20","guid":{"rendered":"https:\/\/w3d.app.br\/manari\/?page_id=501"},"modified":"2025-05-09T09:01:39","modified_gmt":"2025-05-09T12:01:39","slug":"conselho-de-acompanhamento-e-controle-social-do-fundeb","status":"publish","type":"page","link":"https:\/\/w3d.app.br\/manari\/conselho-de-acompanhamento-e-controle-social-do-fundeb\/","title":{"rendered":"Conselho de Acompanhamento e Controle Social do FUNDEB"},"content":{"rendered":"<p>O CACS-FUNDEB (Conselho de Acompanhamento e Controle Social do FUNDEB) \u00e9 um \u00f3rg\u00e3o colegiado que desempenha um papel importante na gest\u00e3o dos recursos do Fundo de Manuten\u00e7\u00e3o e Desenvolvimento da Educa\u00e7\u00e3o B\u00e1sica e de Valoriza\u00e7\u00e3o dos Profissionais da Educa\u00e7\u00e3o (FUNDEB). Seu principal objetivo \u00e9 acompanhar e controlar a distribui\u00e7\u00e3o, transfer\u00eancia e aplica\u00e7\u00e3o desses recursos, tanto a n\u00edvel federal, estadual, quanto municipal.<\/p>\n<p>&nbsp;<\/p>\n<hr \/>\n<h3><strong>DOWNLOADS<\/strong><\/h3>\n<p><a href=\"https:\/\/w3d.app.br\/manari\/wp-content\/uploads\/2025\/05\/PMAN-TERMO-INDIVIDUAL-DE-POSSE-SENOVAL-BERNARDO-DA-SILVA.pdf\" target=\"_blank\" rel=\"noopener\">Termo de Posse do Secret\u00e1rio<\/a><\/p>\n<p><a href=\"https:\/\/w3d.app.br\/manari\/wp-content\/uploads\/2025\/05\/PORTARIA-12.-2025-SENOVAL-BERNARDO-DA-SILVA-SECRETARIO-DE-EDUCACAO.pdf\" target=\"_blank\" rel=\"noopener\">Portaria de Posse do Secret\u00e1rio<\/a><\/p>\n","protected":false},"excerpt":{"rendered":"<p>O CACS-FUNDEB (Conselho de Acompanhamento e Controle Social do FUNDEB) \u00e9 um \u00f3rg\u00e3o colegiado que desempenha um papel importante na gest\u00e3o dos recursos do Fundo <a class=\"leiamais\" href=\"https:\/\/w3d.app.br\/manari\/conselho-de-acompanhamento-e-controle-social-do-fundeb\/\"><i class=\"fa fa-angle-double-right\" aria-hidden=\"true\"><\/i><br \/>\n<\/a><\/p>\n","protected":false},"author":2,"featured_media":0,"parent":0,"menu_order":0,"comment_status":"closed","ping_status":"closed","template":"","meta":{"_acf_changed":false,"footnotes":""},"class_list":["post-501","page","type-page","status-publish","hentry"],"acf":[],"_links":{"self":[{"href":"https:\/\/w3d.app.br\/manari\/wp-json\/wp\/v2\/pages\/501","targetHints":{"allow":["GET"]}}],"collection":[{"href":"https:\/\/w3d.app.br\/manari\/wp-json\/wp\/v2\/pages"}],"about":[{"href":"https:\/\/w3d.app.br\/manari\/wp-json\/wp\/v2\/types\/page"}],"author":[{"embeddable":true,"href":"https:\/\/w3d.app.br\/manari\/wp-json\/wp\/v2\/users\/2"}],"replies":[{"embeddable":true,"href":"https:\/\/w3d.app.br\/manari\/wp-json\/wp\/v2\/comments?post=501"}],"version-history":[{"count":2,"href":"https:\/\/w3d.app.br\/manari\/wp-json\/wp\/v2\/pages\/501\/revisions"}],"predecessor-version":[{"id":505,"href":"https:\/\/w3d.app.br\/manari\/wp-json\/wp\/v2\/pages\/501\/revisions\/505"}],"wp:attachment":[{"href":"https:\/\/w3d.app.br\/manari\/wp-json\/wp\/v2\/media?parent=501"}],"curies":[{"name":"wp","href":"https:\/\/api.w.org\/{rel}","templated":true}]}}